{"id":8,"date":"2025-08-04T20:36:49","date_gmt":"2025-08-04T20:36:49","guid":{"rendered":"https:\/\/palyazat.omegaingatlan.hu\/?page_id=8"},"modified":"2025-08-04T23:45:12","modified_gmt":"2025-08-04T21:45:12","slug":"fooldal","status":"publish","type":"page","link":"https:\/\/palyazat.omegaingatlan.hu\/","title":{"rendered":"F\u0151oldal"},"content":{"rendered":"\n<div class=\"gb-element-d44024a4\">\n<img loading=\"lazy\" decoding=\"async\" width=\"349\" height=\"241\" class=\"gb-media-042c1a7a\" alt=\"\" src=\"https:\/\/palyazat.omegaingatlan.hu\/wp-content\/uploads\/2025\/08\/szechenyi202-logo.webp\" title=\"szechenyi202-logo\" srcset=\"https:\/\/palyazat.omegaingatlan.hu\/wp-content\/uploads\/2025\/08\/szechenyi202-logo.webp 349w, https:\/\/palyazat.omegaingatlan.hu\/wp-content\/uploads\/2025\/08\/szechenyi202-logo-300x207.webp 300w\" sizes=\"auto, (max-width: 349px) 100vw, 349px\" \/>\n<\/div>\n\n\n\n<div class=\"gbp-section gb-element-c6c4835e\">\n<div class=\"gb-element-1cede0b5\">\n<span class=\"gb-text gb-text-21dd89f7\"><strong>Kedvezm\u00e9nyezett neve: <\/strong><\/span>\n\n\n\n<h1 class=\"gb-text gb-text-ff25f745\">Windvortex Energetikai Szolg\u00e1ltat\u00f3 Korl\u00e1tolt Felel\u0151ss\u00e9g\u0171 T\u00e1rsas\u00e1g<\/h1>\n<\/div>\n\n\n\n<div class=\"gb-element-5bf5a451\">\n<div class=\"gb-element-0e534856\">\n<figure class=\"wp-block-embed is-type-video is-provider-youtube wp-block-embed-youtube image wp-embed-aspect-16-9 wp-has-aspect-ratio\"><div class=\"wp-block-embed__wrapper\">\n<iframe loading=\"lazy\" title=\"emission\" width=\"1200\" height=\"675\" src=\"https:\/\/www.youtube.com\/embed\/4-FFz7YVAcs?feature=oembed\" frameborder=\"0\" allow=\"accelerometer; autoplay; clipboard-write; encrypted-media; gyroscope; picture-in-picture; web-share\" referrerpolicy=\"strict-origin-when-cross-origin\" allowfullscreen><\/iframe>\n<\/div><\/figure>\n<\/div>\n\n\n\n<div class=\"gb-element-3eb847b1\">\n<div>\n<p class=\"gb-text\"><strong>A projekt c\u00edme: <\/strong>Z Green &#8211; elektromos motoros haj\u00f3 meg\u00fajul\u00f3 energiaforr\u00e1sokat hasznos\u00edt\u00f3 t\u00f6lt\u0151egys\u00e9ggel<\/p>\n\n\n\n<p class=\"gb-text\"><strong>Szerz\u0151d\u00f6tt t\u00e1mogat\u00e1s \u00f6sszege: <\/strong>49 532&nbsp;620 Ft<\/p>\n\n\n\n<p class=\"gb-text\"><strong>T\u00e1mogat\u00e1s m\u00e9rt\u00e9ke: <\/strong>59.82 %<\/p>\n\n\n\n<p class=\"gb-text\"><strong>A projekt befejez\u00e9si d\u00e1tuma: <\/strong>2019.12.17.<\/p>\n\n\n\n<p class=\"gb-text\"><strong>Projekt azonos\u00edt\u00f3 sz\u00e1ma: <\/strong>GINOP-2.1.7-15-2016-02106<\/p>\n<\/div>\n\n\n\n<div class=\"gb-element-2e3c01c6\">\n<img loading=\"lazy\" decoding=\"async\" width=\"114\" height=\"101\" class=\"gb-media-61190c0a\" alt=\"\" src=\"https:\/\/palyazat.omegaingatlan.hu\/wp-content\/uploads\/2025\/08\/unio-logo-grey.webp\" title=\"unio-logo-grey\"\/>\n\n\n\n<img loading=\"lazy\" decoding=\"async\" width=\"294\" height=\"101\" class=\"gb-media-180be6ec\" alt=\"\" src=\"https:\/\/palyazat.omegaingatlan.hu\/wp-content\/uploads\/2025\/08\/szechenyi-logo-grey.webp\" title=\"szechenyi-logo-grey\"\/>\n<\/div>\n<\/div>\n<\/div>\n\n\n\n<div>\n<h4 class=\"gb-text\"><strong>A projekt tartalm\u00e1nak bemutat\u00e1sa<\/strong>:<\/h4>\n\n\n\n<p>A projekt tervezett eredm\u00e9nye egy olyan elektromos meghajt\u00e1ssal b\u00edr\u00f3 napi kir\u00e1ndul\u00e1sra alkalmas motoros haj\u00f3, mely a k\u00f6rnyezetet nem szennyezi, valamint a m\u0171k\u00f6d\u00e9s\u00e9hez sz\u00fcks\u00e9ges energi\u00e1t csak \u00e9s kiz\u00e1r\u00f3lag k\u00f6rnyezeti terhel\u00e9s n\u00e9lk\u00fcli, puszt\u00e1n meg\u00fajul\u00f3 energiaforr\u00e1sok felhaszn\u00e1l\u00e1s\u00e1val fedezi.<\/p>\n\n\n\n<p>A projekt keret\u00e9ben elk\u00e9sz\u00fclt egy k\u00f6rnyezeti terhel\u00e9s n\u00e9lk\u00fcli elektromotoros haj\u00f3 \u00e9s a t\u00f6lt\u0151 egys\u00e9ge, mely \u00fagy teremti meg a v\u00edzi k\u00f6zleked\u00e9s lehet\u0151s\u00e9geit, hogy a nap \u00e9s a sz\u00e9l energi\u00e1j\u00e1t felhaszn\u00e1lva, azt elrakt\u00e1rozva gondoskodik a haj\u00f3k meghajt\u00e1s\u00e1r\u00f3l. Ezzel p\u00e1rhuzamosan \u00fczemeltet\u00e9si k\u00f6lts\u00e9get nem r\u00f3 a m\u0171k\u00f6dtet\u00e9sb\u0151l fakad\u00f3an a felhaszn\u00e1l\u00f3ra. Nem mellesleg kis helyet foglal el, ezzel p\u00e1rhuzamosan k\u00f6nnyen is telep\u00edthet\u0151, \u00e9s hossz\u00fa \u00e9lettartam\u00fa. <\/p>\n\n\n\n<p>Az\u00e1ltal, hogy kombin\u00e1lhat\u00f3 napelemekkel, \u00edgy azzal kieg\u00e9sz\u00edtve biztos\u00edtja, hogy a haszn\u00e1lat idej\u00e9n k\u00edv\u00fcl, a begy\u0171jt\u00f6tt meg\u00fajul\u00f3 alap\u00fa energia inverter egys\u00e9gen kereszt\u00fcli visszatermel\u00e9s r\u00e9v\u00e9n hozz\u00e1j\u00e1ruljon az \u00fczemeltet\u00e9s. A kor\u00e1bban csak egy p\u00e9ld\u00e1nyban protot\u00edpusk\u00e9nt l\u00e9tez\u0151, &#8211; egyel\u0151re irodah\u00e1zi k\u00f6rnyezetben m\u0171k\u00f6d\u0151 &#8211; f\u00fcgg\u0151leges sz\u00e9ltengely\u0171 turbina tov\u00e1bbfejlesztett v\u00e1ltozatak\u00e9nt l\u00e9trej\u00f6tt egy hat\u00e9kony, csendes \u00fczem\u0171 mini sz\u00e9ler\u0151m\u0171, mely solar elemekkel kieg\u00e9sz\u00edtve biztos\u00edtja az egys\u00e9g m\u0171k\u00f6d\u00e9s\u00e9t.<\/p>\n<\/div>\n\n\n\n<div>\n<figure class=\"wp-block-gallery has-nested-images columns-default is-cropped wp-block-gallery-1 is-layout-flex wp-block-gallery-is-layout-flex\">\n<figure class=\"wp-block-image size-large image\"><img loading=\"lazy\" decoding=\"async\" width=\"1024\" height=\"768\" data-id=\"52\" src=\"https:\/\/palyazat.omegaingatlan.hu\/wp-content\/uploads\/2025\/08\/IMG_20190307_092026-1024x768.webp\" alt=\"\" class=\"wp-image-52\" srcset=\"https:\/\/palyazat.omegaingatlan.hu\/wp-content\/uploads\/2025\/08\/IMG_20190307_092026-1024x768.webp 1024w, https:\/\/palyazat.omegaingatlan.hu\/wp-content\/uploads\/2025\/08\/IMG_20190307_092026-300x225.webp 300w, https:\/\/palyazat.omegaingatlan.hu\/wp-content\/uploads\/2025\/08\/IMG_20190307_092026-768x576.webp 768w, https:\/\/palyazat.omegaingatlan.hu\/wp-content\/uploads\/2025\/08\/IMG_20190307_092026-1536x1152.webp 1536w, https:\/\/palyazat.omegaingatlan.hu\/wp-content\/uploads\/2025\/08\/IMG_20190307_092026.webp 1984w\" sizes=\"auto, (max-width: 1024px) 100vw, 1024px\" \/><\/figure>\n\n\n\n<figure class=\"wp-block-image size-large image\"><img loading=\"lazy\" decoding=\"async\" width=\"1024\" height=\"768\" data-id=\"58\" src=\"https:\/\/palyazat.omegaingatlan.hu\/wp-content\/uploads\/2025\/08\/IMG_20190307_092033-1024x768.webp\" alt=\"\" class=\"wp-image-58\" srcset=\"https:\/\/palyazat.omegaingatlan.hu\/wp-content\/uploads\/2025\/08\/IMG_20190307_092033-1024x768.webp 1024w, https:\/\/palyazat.omegaingatlan.hu\/wp-content\/uploads\/2025\/08\/IMG_20190307_092033-300x225.webp 300w, https:\/\/palyazat.omegaingatlan.hu\/wp-content\/uploads\/2025\/08\/IMG_20190307_092033-768x576.webp 768w, https:\/\/palyazat.omegaingatlan.hu\/wp-content\/uploads\/2025\/08\/IMG_20190307_092033-1536x1152.webp 1536w, https:\/\/palyazat.omegaingatlan.hu\/wp-content\/uploads\/2025\/08\/IMG_20190307_092033.webp 1984w\" sizes=\"auto, (max-width: 1024px) 100vw, 1024px\" \/><\/figure>\n\n\n\n<figure class=\"wp-block-image size-large image\"><img loading=\"lazy\" decoding=\"async\" width=\"1024\" height=\"768\" data-id=\"59\" src=\"https:\/\/palyazat.omegaingatlan.hu\/wp-content\/uploads\/2025\/08\/IMG_20190307_092038-1024x768.webp\" alt=\"\" class=\"wp-image-59\" srcset=\"https:\/\/palyazat.omegaingatlan.hu\/wp-content\/uploads\/2025\/08\/IMG_20190307_092038-1024x768.webp 1024w, https:\/\/palyazat.omegaingatlan.hu\/wp-content\/uploads\/2025\/08\/IMG_20190307_092038-300x225.webp 300w, https:\/\/palyazat.omegaingatlan.hu\/wp-content\/uploads\/2025\/08\/IMG_20190307_092038-768x576.webp 768w, https:\/\/palyazat.omegaingatlan.hu\/wp-content\/uploads\/2025\/08\/IMG_20190307_092038-1536x1152.webp 1536w, https:\/\/palyazat.omegaingatlan.hu\/wp-content\/uploads\/2025\/08\/IMG_20190307_092038.webp 1984w\" sizes=\"auto, (max-width: 1024px) 100vw, 1024px\" \/><\/figure>\n\n\n\n<figure class=\"wp-block-image size-large image\"><img loading=\"lazy\" decoding=\"async\" width=\"1024\" height=\"768\" data-id=\"60\" src=\"https:\/\/palyazat.omegaingatlan.hu\/wp-content\/uploads\/2025\/08\/IMG_20190307_092042-1024x768.webp\" alt=\"\" class=\"wp-image-60\" srcset=\"https:\/\/palyazat.omegaingatlan.hu\/wp-content\/uploads\/2025\/08\/IMG_20190307_092042-1024x768.webp 1024w, https:\/\/palyazat.omegaingatlan.hu\/wp-content\/uploads\/2025\/08\/IMG_20190307_092042-300x225.webp 300w, https:\/\/palyazat.omegaingatlan.hu\/wp-content\/uploads\/2025\/08\/IMG_20190307_092042-768x576.webp 768w, https:\/\/palyazat.omegaingatlan.hu\/wp-content\/uploads\/2025\/08\/IMG_20190307_092042-1536x1152.webp 1536w, https:\/\/palyazat.omegaingatlan.hu\/wp-content\/uploads\/2025\/08\/IMG_20190307_092042.webp 1984w\" sizes=\"auto, (max-width: 1024px) 100vw, 1024px\" \/><\/figure>\n\n\n\n<figure class=\"wp-block-image size-large image\"><img loading=\"lazy\" decoding=\"async\" width=\"1024\" height=\"768\" data-id=\"53\" src=\"https:\/\/palyazat.omegaingatlan.hu\/wp-content\/uploads\/2025\/08\/IMG_20190307_092046-1024x768.webp\" alt=\"\" class=\"wp-image-53\" srcset=\"https:\/\/palyazat.omegaingatlan.hu\/wp-content\/uploads\/2025\/08\/IMG_20190307_092046-1024x768.webp 1024w, https:\/\/palyazat.omegaingatlan.hu\/wp-content\/uploads\/2025\/08\/IMG_20190307_092046-300x225.webp 300w, https:\/\/palyazat.omegaingatlan.hu\/wp-content\/uploads\/2025\/08\/IMG_20190307_092046-768x576.webp 768w, https:\/\/palyazat.omegaingatlan.hu\/wp-content\/uploads\/2025\/08\/IMG_20190307_092046-1536x1152.webp 1536w, https:\/\/palyazat.omegaingatlan.hu\/wp-content\/uploads\/2025\/08\/IMG_20190307_092046.webp 1984w\" sizes=\"auto, (max-width: 1024px) 100vw, 1024px\" \/><\/figure>\n\n\n\n<figure class=\"wp-block-image size-large image\"><img loading=\"lazy\" decoding=\"async\" width=\"1024\" height=\"768\" data-id=\"56\" src=\"https:\/\/palyazat.omegaingatlan.hu\/wp-content\/uploads\/2025\/08\/IMG_20190307_092054-1024x768.webp\" alt=\"\" class=\"wp-image-56\" srcset=\"https:\/\/palyazat.omegaingatlan.hu\/wp-content\/uploads\/2025\/08\/IMG_20190307_092054-1024x768.webp 1024w, https:\/\/palyazat.omegaingatlan.hu\/wp-content\/uploads\/2025\/08\/IMG_20190307_092054-300x225.webp 300w, https:\/\/palyazat.omegaingatlan.hu\/wp-content\/uploads\/2025\/08\/IMG_20190307_092054-768x576.webp 768w, https:\/\/palyazat.omegaingatlan.hu\/wp-content\/uploads\/2025\/08\/IMG_20190307_092054-1536x1152.webp 1536w, https:\/\/palyazat.omegaingatlan.hu\/wp-content\/uploads\/2025\/08\/IMG_20190307_092054.webp 1984w\" sizes=\"auto, (max-width: 1024px) 100vw, 1024px\" \/><\/figure>\n\n\n\n<figure class=\"wp-block-image size-large image\"><img loading=\"lazy\" decoding=\"async\" width=\"1024\" height=\"768\" data-id=\"55\" src=\"https:\/\/palyazat.omegaingatlan.hu\/wp-content\/uploads\/2025\/08\/IMG_20190307_092106-1024x768.webp\" alt=\"\" class=\"wp-image-55\" srcset=\"https:\/\/palyazat.omegaingatlan.hu\/wp-content\/uploads\/2025\/08\/IMG_20190307_092106-1024x768.webp 1024w, https:\/\/palyazat.omegaingatlan.hu\/wp-content\/uploads\/2025\/08\/IMG_20190307_092106-300x225.webp 300w, https:\/\/palyazat.omegaingatlan.hu\/wp-content\/uploads\/2025\/08\/IMG_20190307_092106-768x576.webp 768w, https:\/\/palyazat.omegaingatlan.hu\/wp-content\/uploads\/2025\/08\/IMG_20190307_092106-1536x1152.webp 1536w, https:\/\/palyazat.omegaingatlan.hu\/wp-content\/uploads\/2025\/08\/IMG_20190307_092106.webp 1984w\" sizes=\"auto, (max-width: 1024px) 100vw, 1024px\" \/><\/figure>\n\n\n\n<figure class=\"wp-block-image size-large image\"><img loading=\"lazy\" decoding=\"async\" width=\"1024\" height=\"768\" data-id=\"57\" src=\"https:\/\/palyazat.omegaingatlan.hu\/wp-content\/uploads\/2025\/08\/IMG_20190307_092124-1024x768.webp\" alt=\"\" class=\"wp-image-57\" srcset=\"https:\/\/palyazat.omegaingatlan.hu\/wp-content\/uploads\/2025\/08\/IMG_20190307_092124-1024x768.webp 1024w, https:\/\/palyazat.omegaingatlan.hu\/wp-content\/uploads\/2025\/08\/IMG_20190307_092124-300x225.webp 300w, https:\/\/palyazat.omegaingatlan.hu\/wp-content\/uploads\/2025\/08\/IMG_20190307_092124-768x576.webp 768w, https:\/\/palyazat.omegaingatlan.hu\/wp-content\/uploads\/2025\/08\/IMG_20190307_092124-1536x1152.webp 1536w, https:\/\/palyazat.omegaingatlan.hu\/wp-content\/uploads\/2025\/08\/IMG_20190307_092124.webp 1984w\" sizes=\"auto, (max-width: 1024px) 100vw, 1024px\" \/><\/figure>\n\n\n\n<figure class=\"wp-block-image size-large image\"><img loading=\"lazy\" decoding=\"async\" width=\"1024\" height=\"768\" data-id=\"54\" src=\"https:\/\/palyazat.omegaingatlan.hu\/wp-content\/uploads\/2025\/08\/IMG_20190307_092131-1024x768.webp\" alt=\"\" class=\"wp-image-54\" srcset=\"https:\/\/palyazat.omegaingatlan.hu\/wp-content\/uploads\/2025\/08\/IMG_20190307_092131-1024x768.webp 1024w, https:\/\/palyazat.omegaingatlan.hu\/wp-content\/uploads\/2025\/08\/IMG_20190307_092131-300x225.webp 300w, https:\/\/palyazat.omegaingatlan.hu\/wp-content\/uploads\/2025\/08\/IMG_20190307_092131-768x576.webp 768w, https:\/\/palyazat.omegaingatlan.hu\/wp-content\/uploads\/2025\/08\/IMG_20190307_092131-1536x1152.webp 1536w, https:\/\/palyazat.omegaingatlan.hu\/wp-content\/uploads\/2025\/08\/IMG_20190307_092131.webp 1984w\" sizes=\"auto, (max-width: 1024px) 100vw, 1024px\" \/><\/figure>\n<\/figure>\n<\/div>\n<\/div>\n","protected":false},"excerpt":{"rendered":"<p>Kedvezm\u00e9nyezett neve: Windvortex Energetikai Szolg\u00e1ltat\u00f3 Korl\u00e1tolt Felel\u0151ss\u00e9g\u0171 T\u00e1rsas\u00e1g A projekt c\u00edme: Z Green &#8211; elektromos motoros haj\u00f3 meg\u00fajul\u00f3 energiaforr\u00e1sokat hasznos\u00edt\u00f3 t\u00f6lt\u0151egys\u00e9ggel Szerz\u0151d\u00f6tt t\u00e1mogat\u00e1s \u00f6sszege: 49 532&nbsp;620 Ft T\u00e1mogat\u00e1s m\u00e9rt\u00e9ke: 59.82 % A projekt befejez\u00e9si d\u00e1tuma: 2019.12.17. Projekt azonos\u00edt\u00f3 sz\u00e1ma: GINOP-2.1.7-15-2016-02106 A projekt tartalm\u00e1nak bemutat\u00e1sa: A projekt tervezett eredm\u00e9nye egy olyan elektromos meghajt\u00e1ssal b\u00edr\u00f3 napi kir\u00e1ndul\u00e1sra &#8230; <a title=\"F\u0151oldal\" class=\"read-more\" href=\"https:\/\/palyazat.omegaingatlan.hu\/\" aria-label=\"Read more about F\u0151oldal\">Read more<\/a><\/p>\n","protected":false},"author":1,"featured_media":0,"parent":0,"menu_order":0,"comment_status":"closed","ping_status":"closed","template":"","meta":{"footnotes":""},"class_list":["post-8","page","type-page","status-publish"],"_links":{"self":[{"href":"https:\/\/palyazat.omegaingatlan.hu\/index.php\/wp-json\/wp\/v2\/pages\/8","targetHints":{"allow":["GET"]}}],"collection":[{"href":"https:\/\/palyazat.omegaingatlan.hu\/index.php\/wp-json\/wp\/v2\/pages"}],"about":[{"href":"https:\/\/palyazat.omegaingatlan.hu\/index.php\/wp-json\/wp\/v2\/types\/page"}],"author":[{"embeddable":true,"href":"https:\/\/palyazat.omegaingatlan.hu\/index.php\/wp-json\/wp\/v2\/users\/1"}],"replies":[{"embeddable":true,"href":"https:\/\/palyazat.omegaingatlan.hu\/index.php\/wp-json\/wp\/v2\/comments?post=8"}],"version-history":[{"count":21,"href":"https:\/\/palyazat.omegaingatlan.hu\/index.php\/wp-json\/wp\/v2\/pages\/8\/revisions"}],"predecessor-version":[{"id":81,"href":"https:\/\/palyazat.omegaingatlan.hu\/index.php\/wp-json\/wp\/v2\/pages\/8\/revisions\/81"}],"wp:attachment":[{"href":"https:\/\/palyazat.omegaingatlan.hu\/index.php\/wp-json\/wp\/v2\/media?parent=8"}],"curies":[{"name":"wp","href":"https:\/\/api.w.org\/{rel}","templated":true}]}}